{"id":1624,"date":"2021-10-06T15:28:52","date_gmt":"2021-10-06T13:28:52","guid":{"rendered":"https:\/\/www.studienstart.wiso.rw.fau.de\/?page_id=1624"},"modified":"2025-09-22T10:24:40","modified_gmt":"2025-09-22T08:24:40","slug":"about-wiso","status":"publish","type":"page","link":"https:\/\/www.studienstart.wiso.rw.fau.de\/en\/about-wiso\/","title":{"rendered":"ABOUT WISO"},"content":{"rendered":"<h2><span style=\"color: #c50f3c\">Globally networked &#8211; locally connected<\/span><\/h2>\n<p><img loading=\"lazy\" decoding=\"async\" class=\"size-full wp-image-398 alignleft\" src=\"https:\/\/www.wiso100.fau.de\/files\/2019\/02\/wiso26-300x200.jpg\" alt=\"\" width=\"300\" height=\"200\" \/><br \/>\nTop <a href=\"https:\/\/www.wiwi.rw.fau.eu\/research\/\" target=\"_blank\" rel=\"noopener\">research<\/a> and <a href=\"https:\/\/www.wiwi.rw.fau.eu\/study\/\" target=\"_blank\" rel=\"noopener\">teaching<\/a> of international renown, a strong practical focus, outstanding networks with the business world and consistent quality assurance are the success factors of the School of Business, Economics and Society (WiSo). <img loading=\"lazy\" decoding=\"async\" class=\"size-medium wp-image-1409 alignright\" src=\"https:\/\/www.studienstart.wiso.rw.fau.de\/files\/2021\/10\/flaggen-229x300.jpg\" alt=\"\" width=\"229\" height=\"300\" srcset=\"https:\/\/www.studienstart.wiso.rw.fau.de\/files\/2021\/10\/flaggen-229x300.jpg 229w, https:\/\/www.studienstart.wiso.rw.fau.de\/files\/2021\/10\/flaggen-783x1024.jpg 783w, https:\/\/www.studienstart.wiso.rw.fau.de\/files\/2021\/10\/flaggen-768x1004.jpg 768w, https:\/\/www.studienstart.wiso.rw.fau.de\/files\/2021\/10\/flaggen-392x512.jpg 392w, https:\/\/www.studienstart.wiso.rw.fau.de\/files\/2021\/10\/flaggen-528x690.jpg 528w, https:\/\/www.studienstart.wiso.rw.fau.de\/files\/2021\/10\/flaggen.jpg 1152w\" sizes=\"auto, (max-width: 229px) 100vw, 229px\" \/>WiSo&#8217;s continually expanding <a title=\"Global network in research and teaching\" href=\"https:\/\/www.wiwi.rw.fau.eu\/international\/\" target=\"_blank\" rel=\"noopener\">global network in research and teaching<\/a> is of great benefit to students and researchers.<br \/>\nThe global network that has continued to expand throughout the School&#8217;s history plays a key role in the development of the <a href=\"http:\/\/www.metropolregionnuernberg.de\/en\/\" target=\"_blank\" rel=\"noopener\">Nuremberg Metropolitan Region<\/a>. In this network WiSo works closely with businesses, the public sector, and other parts of the University. Top research is a mission with a long tradition for the School of Business, Economics and Society.<\/p>\n<p><img loading=\"lazy\" decoding=\"async\" class=\"size-full wp-image-399 alignleft\" src=\"https:\/\/www.wiso100.fau.de\/files\/2019\/02\/wiso01-300x200.jpg\" alt=\"\" width=\"300\" height=\"200\" \/><\/p>\n<p>Today, the School of Business, Economics and Society is one of the most reputable institutions of its kind with over 6000 students and 50 chairs and professorships, a worldwide network of connections and one of the broadest range of subjects in the German-speaking world.<\/p>\n<p><strong>Founded as a college with a strong practical focus, the School continues to be a university think-tank and a sought-after local partner in the Nuremberg Metropolitan Region.<\/strong><\/p>\n<p>&nbsp;<\/p>\n<div class=\"rrze-elements accordion style_default\" id=\"accordion-0\"><\/p>\n<div class=\"accordion-group rwfak\">\n<h2 class=\"accordion-heading\"><button class=\"accordion-toggle\" data-toggle=\"collapse\"  href=\"#collapse_0\" aria-expanded=\"false\" aria-controls=\"collapse_0\" id=\"collapse_button_0\"> Global networks <\/button><\/h2>\n<div id=\"collapse_0\" class=\"accordion-body\" aria-labelledby=\"collapse_button_0\">\n<div class=\"accordion-inner clearfix\">\n<h3><span style=\"color: #c50f3c\">Global networks<\/span><\/h3>\n<p>Whether Europe, Asia, America or Africa &#8211; the School of Business, Economics and Society is connected worldwide. With over 140 partner universities in 5 continents, it is <a href=\"https:\/\/www.wiwi.rw.fau.eu\/international\/\" target=\"_blank\" rel=\"noopener\">part of a vast international network<\/a>.<\/p>\n<p><a href=\"https:\/\/www.wiso.rw.fau.eu\/international\/partnerships\/partner-universities\/\" target=\"_blank\" rel=\"noopener\">Collaborations with top universities<\/a> from all over the globe allow our researchers&#8217; work to transcend the boundaries of subjects and countries. This network gives WiSo&#8217;s students the opportunity to spend a part of their studies at a partner university abroad and to become familiar with other cultures.\n<\/div>\n<\/div>\n<\/div>\n<div class=\"accordion-group rwfak\">\n<h2 class=\"accordion-heading\"><button class=\"accordion-toggle\" data-toggle=\"collapse\"  href=\"#collapse_1\" aria-expanded=\"false\" aria-controls=\"collapse_1\" id=\"collapse_button_1\"> Local connections <\/button><\/h2>\n<div id=\"collapse_1\" class=\"accordion-body\" aria-labelledby=\"collapse_button_1\">\n<div class=\"accordion-inner clearfix\">\n<h3><span style=\"color: #c50f3c\">Local connections<\/span><\/h3>\n<p>As an academic partner in the region, WiSo has close institutional and individual ties with partners in industry. <a href=\"https:\/\/www.wiso.rw.fau.eu\/school\/school-profile\/co-operations-with-industry\/\" target=\"_blank\" rel=\"noopener\">Collaborations with regional national and international companies<\/a> from all lines of business allow a direct transfer of research results.<\/p>\n<p>WiSo&#8217;s <a href=\"https:\/\/www.wiso.rw.fau.eu\/study\/current-students\/mentoring-program\/\" target=\"_blank\" rel=\"noopener\">mentoring program<\/a> allows outstanding students to gain additional practical experience. Over a period of 12 months, business people from nationally and internationally operating companies take selected students under their wings, providing them with not only a front row view into a myriad of industrial fields, but also access to important contacts in the industry.\n<\/div>\n<\/div>\n<\/div>\n<p>\n<\/div>\n\n<p><strong>Please visit the website of WiSo for <a href=\"https:\/\/www.wiso.fau.eu\" target=\"_blank\" rel=\"noopener\">further information<\/a>.<\/strong><\/p>\n<div class=\"rrze-elements elements-gallery\"><div id=\"slider\" class=\"gallery-slider flexslider clearfix\"><ul class=\"slides\"><li><figure><img loading=\"lazy\" decoding=\"async\" width=\"2000\" height=\"1335\" src=\"https:\/\/www.studienstart.wiso.rw.fau.de\/files\/2021\/07\/wiso15.jpg\" class=\"attachment-full size-full\" alt=\"\" srcset=\"https:\/\/www.studienstart.wiso.rw.fau.de\/files\/2021\/07\/wiso15.jpg 2000w, https:\/\/www.studienstart.wiso.rw.fau.de\/files\/2021\/07\/wiso15-300x200.jpg 300w, https:\/\/www.studienstart.wiso.rw.fau.de\/files\/2021\/07\/wiso15-1024x684.jpg 1024w, https:\/\/www.studienstart.wiso.rw.fau.de\/files\/2021\/07\/wiso15-768x513.jpg 768w, https:\/\/www.studienstart.wiso.rw.fau.de\/files\/2021\/07\/wiso15-1536x1025.jpg 1536w, https:\/\/www.studienstart.wiso.rw.fau.de\/files\/2021\/07\/wiso15-512x342.jpg 512w, https:\/\/www.studienstart.wiso.rw.fau.de\/files\/2021\/07\/wiso15-1034x690.jpg 1034w\" sizes=\"auto, (max-width: 2000px) 100vw, 2000px\" \/><\/figure><\/li><li><figure><img loading=\"lazy\" decoding=\"async\" width=\"2000\" height=\"1335\" src=\"https:\/\/www.studienstart.wiso.rw.fau.de\/files\/2021\/08\/wiso16.jpg\" class=\"attachment-full size-full\" alt=\"\" srcset=\"https:\/\/www.studienstart.wiso.rw.fau.de\/files\/2021\/08\/wiso16.jpg 2000w, https:\/\/www.studienstart.wiso.rw.fau.de\/files\/2021\/08\/wiso16-300x200.jpg 300w, https:\/\/www.studienstart.wiso.rw.fau.de\/files\/2021\/08\/wiso16-1024x684.jpg 1024w, https:\/\/www.studienstart.wiso.rw.fau.de\/files\/2021\/08\/wiso16-768x513.jpg 768w, https:\/\/www.studienstart.wiso.rw.fau.de\/files\/2021\/08\/wiso16-1536x1025.jpg 1536w, https:\/\/www.studienstart.wiso.rw.fau.de\/files\/2021\/08\/wiso16-512x342.jpg 512w, https:\/\/www.studienstart.wiso.rw.fau.de\/files\/2021\/08\/wiso16-1034x690.jpg 1034w\" sizes=\"auto, (max-width: 2000px) 100vw, 2000px\" \/><\/figure><\/li><li><figure><img loading=\"lazy\" decoding=\"async\" width=\"1772\" height=\"1183\" src=\"https:\/\/www.studienstart.wiso.rw.fau.de\/files\/2021\/08\/wiso18.jpg\" class=\"attachment-full size-full\" alt=\"\" srcset=\"https:\/\/www.studienstart.wiso.rw.fau.de\/files\/2021\/08\/wiso18.jpg 1772w, https:\/\/www.studienstart.wiso.rw.fau.de\/files\/2021\/08\/wiso18-300x200.jpg 300w, https:\/\/www.studienstart.wiso.rw.fau.de\/files\/2021\/08\/wiso18-1024x684.jpg 1024w, https:\/\/www.studienstart.wiso.rw.fau.de\/files\/2021\/08\/wiso18-768x513.jpg 768w, https:\/\/www.studienstart.wiso.rw.fau.de\/files\/2021\/08\/wiso18-1536x1025.jpg 1536w, https:\/\/www.studienstart.wiso.rw.fau.de\/files\/2021\/08\/wiso18-512x342.jpg 512w, https:\/\/www.studienstart.wiso.rw.fau.de\/files\/2021\/08\/wiso18-1034x690.jpg 1034w\" sizes=\"auto, (max-width: 1772px) 100vw, 1772px\" \/><\/figure><\/li><li><figure><img loading=\"lazy\" decoding=\"async\" width=\"2000\" height=\"1333\" src=\"https:\/\/www.studienstart.wiso.rw.fau.de\/files\/2021\/08\/161018_gi_bissantz_09a0467.jpg\" class=\"attachment-full size-full\" alt=\"\" srcset=\"https:\/\/www.studienstart.wiso.rw.fau.de\/files\/2021\/08\/161018_gi_bissantz_09a0467.jpg 2000w, https:\/\/www.studienstart.wiso.rw.fau.de\/files\/2021\/08\/161018_gi_bissantz_09a0467-300x200.jpg 300w, https:\/\/www.studienstart.wiso.rw.fau.de\/files\/2021\/08\/161018_gi_bissantz_09a0467-1024x682.jpg 1024w, https:\/\/www.studienstart.wiso.rw.fau.de\/files\/2021\/08\/161018_gi_bissantz_09a0467-768x512.jpg 768w, https:\/\/www.studienstart.wiso.rw.fau.de\/files\/2021\/08\/161018_gi_bissantz_09a0467-1536x1024.jpg 1536w, https:\/\/www.studienstart.wiso.rw.fau.de\/files\/2021\/08\/161018_gi_bissantz_09a0467-512x341.jpg 512w, https:\/\/www.studienstart.wiso.rw.fau.de\/files\/2021\/08\/161018_gi_bissantz_09a0467-1035x690.jpg 1035w\" sizes=\"auto, (max-width: 2000px) 100vw, 2000px\" \/><\/figure><\/li><li><figure><img loading=\"lazy\" decoding=\"async\" width=\"2000\" height=\"1335\" src=\"https:\/\/www.studienstart.wiso.rw.fau.de\/files\/2021\/08\/wiso14.jpg\" class=\"attachment-full size-full\" alt=\"\" srcset=\"https:\/\/www.studienstart.wiso.rw.fau.de\/files\/2021\/08\/wiso14.jpg 2000w, https:\/\/www.studienstart.wiso.rw.fau.de\/files\/2021\/08\/wiso14-300x200.jpg 300w, https:\/\/www.studienstart.wiso.rw.fau.de\/files\/2021\/08\/wiso14-1024x684.jpg 1024w, https:\/\/www.studienstart.wiso.rw.fau.de\/files\/2021\/08\/wiso14-768x513.jpg 768w, https:\/\/www.studienstart.wiso.rw.fau.de\/files\/2021\/08\/wiso14-1536x1025.jpg 1536w, https:\/\/www.studienstart.wiso.rw.fau.de\/files\/2021\/08\/wiso14-512x342.jpg 512w, https:\/\/www.studienstart.wiso.rw.fau.de\/files\/2021\/08\/wiso14-1034x690.jpg 1034w\" sizes=\"auto, (max-width: 2000px) 100vw, 2000px\" \/><\/figure><\/li><li><figure><img loading=\"lazy\" decoding=\"async\" width=\"2000\" height=\"1335\" src=\"https:\/\/www.studienstart.wiso.rw.fau.de\/files\/2021\/08\/podium.jpg\" class=\"attachment-full size-full\" alt=\"\" srcset=\"https:\/\/www.studienstart.wiso.rw.fau.de\/files\/2021\/08\/podium.jpg 2000w, https:\/\/www.studienstart.wiso.rw.fau.de\/files\/2021\/08\/podium-300x200.jpg 300w, https:\/\/www.studienstart.wiso.rw.fau.de\/files\/2021\/08\/podium-1024x684.jpg 1024w, https:\/\/www.studienstart.wiso.rw.fau.de\/files\/2021\/08\/podium-768x513.jpg 768w, https:\/\/www.studienstart.wiso.rw.fau.de\/files\/2021\/08\/podium-1536x1025.jpg 1536w, https:\/\/www.studienstart.wiso.rw.fau.de\/files\/2021\/08\/podium-512x342.jpg 512w, https:\/\/www.studienstart.wiso.rw.fau.de\/files\/2021\/08\/podium-1034x690.jpg 1034w\" sizes=\"auto, (max-width: 2000px) 100vw, 2000px\" \/><\/figure><\/li><\/ul><\/div><div id=\"carousel\" class=\"gallery-slider-thumbs flexslider clearfix\"><ul class=\"slides\"><li><img loading=\"lazy\" decoding=\"async\" width=\"300\" height=\"200\" src=\"https:\/\/www.studienstart.wiso.rw.fau.de\/files\/2021\/07\/wiso15-300x200.jpg\" class=\"attachment-medium size-medium\" alt=\"\" srcset=\"https:\/\/www.studienstart.wiso.rw.fau.de\/files\/2021\/07\/wiso15-300x200.jpg 300w, https:\/\/www.studienstart.wiso.rw.fau.de\/files\/2021\/07\/wiso15-1024x684.jpg 1024w, https:\/\/www.studienstart.wiso.rw.fau.de\/files\/2021\/07\/wiso15-768x513.jpg 768w, https:\/\/www.studienstart.wiso.rw.fau.de\/files\/2021\/07\/wiso15-1536x1025.jpg 1536w, https:\/\/www.studienstart.wiso.rw.fau.de\/files\/2021\/07\/wiso15-512x342.jpg 512w, https:\/\/www.studienstart.wiso.rw.fau.de\/files\/2021\/07\/wiso15-1034x690.jpg 1034w, https:\/\/www.studienstart.wiso.rw.fau.de\/files\/2021\/07\/wiso15.jpg 2000w\" sizes=\"auto, (max-width: 300px) 100vw, 300px\" \/><\/li><li><img loading=\"lazy\" decoding=\"async\" width=\"300\" height=\"200\" src=\"https:\/\/www.studienstart.wiso.rw.fau.de\/files\/2021\/08\/wiso16-300x200.jpg\" class=\"attachment-medium size-medium\" alt=\"\" srcset=\"https:\/\/www.studienstart.wiso.rw.fau.de\/files\/2021\/08\/wiso16-300x200.jpg 300w, https:\/\/www.studienstart.wiso.rw.fau.de\/files\/2021\/08\/wiso16-1024x684.jpg 1024w, https:\/\/www.studienstart.wiso.rw.fau.de\/files\/2021\/08\/wiso16-768x513.jpg 768w, https:\/\/www.studienstart.wiso.rw.fau.de\/files\/2021\/08\/wiso16-1536x1025.jpg 1536w, https:\/\/www.studienstart.wiso.rw.fau.de\/files\/2021\/08\/wiso16-512x342.jpg 512w, https:\/\/www.studienstart.wiso.rw.fau.de\/files\/2021\/08\/wiso16-1034x690.jpg 1034w, https:\/\/www.studienstart.wiso.rw.fau.de\/files\/2021\/08\/wiso16.jpg 2000w\" sizes=\"auto, (max-width: 300px) 100vw, 300px\" \/><\/li><li><img loading=\"lazy\" decoding=\"async\" width=\"300\" height=\"200\" src=\"https:\/\/www.studienstart.wiso.rw.fau.de\/files\/2021\/08\/wiso18-300x200.jpg\" class=\"attachment-medium size-medium\" alt=\"\" srcset=\"https:\/\/www.studienstart.wiso.rw.fau.de\/files\/2021\/08\/wiso18-300x200.jpg 300w, https:\/\/www.studienstart.wiso.rw.fau.de\/files\/2021\/08\/wiso18-1024x684.jpg 1024w, https:\/\/www.studienstart.wiso.rw.fau.de\/files\/2021\/08\/wiso18-768x513.jpg 768w, https:\/\/www.studienstart.wiso.rw.fau.de\/files\/2021\/08\/wiso18-1536x1025.jpg 1536w, https:\/\/www.studienstart.wiso.rw.fau.de\/files\/2021\/08\/wiso18-512x342.jpg 512w, https:\/\/www.studienstart.wiso.rw.fau.de\/files\/2021\/08\/wiso18-1034x690.jpg 1034w, https:\/\/www.studienstart.wiso.rw.fau.de\/files\/2021\/08\/wiso18.jpg 1772w\" sizes=\"auto, (max-width: 300px) 100vw, 300px\" \/><\/li><li><img loading=\"lazy\" decoding=\"async\" width=\"300\" height=\"200\" src=\"https:\/\/www.studienstart.wiso.rw.fau.de\/files\/2021\/08\/161018_gi_bissantz_09a0467-300x200.jpg\" class=\"attachment-medium size-medium\" alt=\"\" srcset=\"https:\/\/www.studienstart.wiso.rw.fau.de\/files\/2021\/08\/161018_gi_bissantz_09a0467-300x200.jpg 300w, https:\/\/www.studienstart.wiso.rw.fau.de\/files\/2021\/08\/161018_gi_bissantz_09a0467-1024x682.jpg 1024w, https:\/\/www.studienstart.wiso.rw.fau.de\/files\/2021\/08\/161018_gi_bissantz_09a0467-768x512.jpg 768w, https:\/\/www.studienstart.wiso.rw.fau.de\/files\/2021\/08\/161018_gi_bissantz_09a0467-1536x1024.jpg 1536w, https:\/\/www.studienstart.wiso.rw.fau.de\/files\/2021\/08\/161018_gi_bissantz_09a0467-512x341.jpg 512w, https:\/\/www.studienstart.wiso.rw.fau.de\/files\/2021\/08\/161018_gi_bissantz_09a0467-1035x690.jpg 1035w, https:\/\/www.studienstart.wiso.rw.fau.de\/files\/2021\/08\/161018_gi_bissantz_09a0467.jpg 2000w\" sizes=\"auto, (max-width: 300px) 100vw, 300px\" \/><\/li><li><img loading=\"lazy\" decoding=\"async\" width=\"300\" height=\"200\" src=\"https:\/\/www.studienstart.wiso.rw.fau.de\/files\/2021\/08\/wiso14-300x200.jpg\" class=\"attachment-medium size-medium\" alt=\"\" srcset=\"https:\/\/www.studienstart.wiso.rw.fau.de\/files\/2021\/08\/wiso14-300x200.jpg 300w, https:\/\/www.studienstart.wiso.rw.fau.de\/files\/2021\/08\/wiso14-1024x684.jpg 1024w, https:\/\/www.studienstart.wiso.rw.fau.de\/files\/2021\/08\/wiso14-768x513.jpg 768w, https:\/\/www.studienstart.wiso.rw.fau.de\/files\/2021\/08\/wiso14-1536x1025.jpg 1536w, https:\/\/www.studienstart.wiso.rw.fau.de\/files\/2021\/08\/wiso14-512x342.jpg 512w, https:\/\/www.studienstart.wiso.rw.fau.de\/files\/2021\/08\/wiso14-1034x690.jpg 1034w, https:\/\/www.studienstart.wiso.rw.fau.de\/files\/2021\/08\/wiso14.jpg 2000w\" sizes=\"auto, (max-width: 300px) 100vw, 300px\" \/><\/li><li><img loading=\"lazy\" decoding=\"async\" width=\"300\" height=\"200\" src=\"https:\/\/www.studienstart.wiso.rw.fau.de\/files\/2021\/08\/podium-300x200.jpg\" class=\"attachment-medium size-medium\" alt=\"\" srcset=\"https:\/\/www.studienstart.wiso.rw.fau.de\/files\/2021\/08\/podium-300x200.jpg 300w, https:\/\/www.studienstart.wiso.rw.fau.de\/files\/2021\/08\/podium-1024x684.jpg 1024w, https:\/\/www.studienstart.wiso.rw.fau.de\/files\/2021\/08\/podium-768x513.jpg 768w, https:\/\/www.studienstart.wiso.rw.fau.de\/files\/2021\/08\/podium-1536x1025.jpg 1536w, https:\/\/www.studienstart.wiso.rw.fau.de\/files\/2021\/08\/podium-512x342.jpg 512w, https:\/\/www.studienstart.wiso.rw.fau.de\/files\/2021\/08\/podium-1034x690.jpg 1034w, https:\/\/www.studienstart.wiso.rw.fau.de\/files\/2021\/08\/podium.jpg 2000w\" sizes=\"auto, (max-width: 300px) 100vw, 300px\" \/><\/li><\/ul><\/div><script type=\"text\/javascript\"> jQuery(document).ready(function($) {\n                            \/\/ The slider being synced must be initialized first\n                            $(\"#carousel\").flexslider({\n                                animation: \"slide\",\n                                controlNav: true,\n                                animationLoop: false,\n                                slideshow: false,\n                                itemWidth: 210,\n                                itemMargin: 5,\n                                asNavFor: \"#slider\",\n                                minItems: 3,\n                            });\n                            $(\"#slider\").flexslider({\n                                animation: \"slide\",\n                                controlNav: false,\n                                animationLoop: false,\n                                slideshow: false,\n                                sync: \"#carousel\"\n                            });\n                        });<\/script><\/div>\n<h2><\/h2>\n<h2><span style=\"color: #c50f3c\">A historic city with a modern vibe<\/span><\/h2>\n<figure id=\"attachment_114317\" aria-describedby=\"caption-attachment-114317\" style=\"width: 200px\" class=\"wp-caption alignleft\"><img loading=\"lazy\" decoding=\"async\" class=\"wp-image-114317 size-medium\" src=\"https:\/\/wiwi.cms.rrze.uni-erlangen.de\/files\/2016\/03\/Kaiserburg_UweNiklas_ctz_071-1-200x300.jpg\" alt=\"Kaiserburg_UweNiklas_ctz_071\" width=\"200\" height=\"300\" \/><figcaption id=\"caption-attachment-114317\" class=\"wp-caption-text\">The Imperial Castle<\/figcaption><\/figure>\n<p>Whether it&#8217;s the Imperial Castle, the historic old town, the impressive churches or the beautiful traditional houses \u2013 there&#8217;s a long list of sights to see in <a href=\"https:\/\/www.nuernberg.de\/internet\/stadtportal_e\/\" target=\"_blank\" rel=\"noopener\">Nuremberg<\/a>. The city&#8217;s cultural scene includes a range of museums and exhibitions, as well as music venues such as Meistersingerhall, Frankenhalle and Tafelhalle. The opera house, the theater, various open air concerts, galleries and workshops add to the extensive selection of cultural activities on offer in Nuremberg.<\/p>\n<p>There are many parks, gardens and other green spaces close to the city center where you can go to relax, such as Dutzendteich, W\u00f6hrder See and Pegnitzauen. In the surrounding area there are plenty of interesting places to explore. The Franconian Lakes, Fr\u00e4nkische Schweiz and the Rangau area are all popular destinations.<\/p>\n<p>If you still feel the urge to travel further afield, you can take the subway to <a href=\"http:\/\/www.airport-nuernberg.de\/english\" target=\"_blank\" rel=\"noopener\">Nuremberg Airport<\/a> (just seven kilometers away from the old town), which has direct connections to more than 70 destinations in 21 countries.<\/p>\n<p>While Nuremberg&#8217;s center is the main attraction, the rest of the city also boasts a range of cultural and gastronomic hotspots. Nevertheless, the center is the perfect starting point, as from here many interesting destinations are within walking distance. Modern art lovers should make sure to visit the <a href=\"http:\/\/www.nmn.de\/en\/home-1.htm\" target=\"_blank\" rel=\"noopener\">Neues Museum<\/a> (Klarissenplatz). Just a short walk you&#8217;ll find the <a href=\"https:\/\/museums.nuernberg.de\/toy-museum\/\" target=\"_blank\" rel=\"noopener\">Toy Museum<\/a> (Karlstra\u00dfe 13). Another of Nuremberg&#8217;s most popular attractions is the <a href=\"http:\/\/www.gnm.de\/en\/\" target=\"_blank\" rel=\"noopener\">Germanisches Nationalmuseum<\/a> (Kart\u00e4usergasse 1), which puts on a variety of special exhibitions. Why not enjoy a short tour through the old town, stopping for a cappuccino or two at SkyBar in the Admiral Kino cinema before heading to the <a href=\"http:\/\/www.kaiserburg-nuernberg.de\/englisch\/castle\/index.htm\" target=\"_blank\" rel=\"noopener\">Imperial Castle<\/a>. On the way you may want to visit Meisengeige \u2013 a Nuremberg institution. This small cinema specializes in independent films and readings.<\/p>\n<figure id=\"attachment_114318\" aria-describedby=\"caption-attachment-114318\" style=\"width: 300px\" class=\"wp-caption alignright\"><img loading=\"lazy\" decoding=\"async\" class=\"wp-image-114318 size-medium\" src=\"https:\/\/wiwi.cms.rrze.uni-erlangen.de\/files\/2016\/03\/Germanisches_Nationalmuseum_und_Strasse_der_Menschenrechte_UweNiklas_008_01-300x200.jpg\" alt=\"Germanisches_Nationalmuseum_und_Strasse_der_Menschenrechte_UweNiklas_008_01\" width=\"300\" height=\"200\" \/><figcaption id=\"caption-attachment-114318\" class=\"wp-caption-text\">The Germanisches Nationalmuseum and Way of Human Rights<\/figcaption><\/figure>\n<p>If theater is more your thing, you can take the subway to the Opernhaus stop (Richard-Wagner-Platz) to visit the <a href=\"https:\/\/www.staatstheater-nuernberg.de\/\" target=\"_blank\" rel=\"noopener\">Staatstheater<\/a>. With world-class concerts, ballet and opera, this is where you will see Nuremberg&#8217;s cosmopolitan side. The small but equally brilliant <a href=\"http:\/\/www.gostner.de\/\" target=\"_blank\" rel=\"noopener\">Gostner Hoftheater<\/a> (Austra\u00dfe 70) hosts cabaret on its stage, while jazz musicians perform in the cellar and comedians entertain audiences in the Comedy Lounge. While you&#8217;re in the area there&#8217;s plenty more to see. The Gostenhof neighborhood, often referred to as &#8216;Goho&#8217; by the locals, has a music scene reminiscent of a small-scale London or Manhattan, as well as many unusual shops. Why not browse the ones on Kernstra\u00dfe before stopping for a drink at one of the range of pubs inspired by both Franconian tradition and modern bar culture.<\/p>\n<p>Sports fans certainly won&#8217;t be disappointed in Nuremberg. The soccer club 1. FC N\u00fcrnberg, which plays at the Max-Morlock-Stadium, has many loyal fans who stick by them even when things are going not so well. Not far from there you&#8217;ll find the ARENA N\u00dcRNBERGER VERSICHERUNG (Kurt Leucht Weg 11), home to the N\u00fcrnberg Ice Tigers who play in Germany&#8217;s top ice hockey league, the DEL. In between matches, the ice rink hosts a range of events, providing the stage for musicians and bands such as Robbie Williams, Elton John and Die \u00c4rzte.<\/p>\n<figure id=\"attachment_114319\" aria-describedby=\"caption-attachment-114319\" style=\"width: 230px\" class=\"wp-caption alignleft\"><img loading=\"lazy\" decoding=\"async\" class=\"wp-image-114319\" src=\"https:\/\/wiwi.cms.rrze.uni-erlangen.de\/files\/2016\/03\/Tiergaertnertorplatz_bei_Nacht_01_Steffen_Oliver_Riese-300x200.jpg\" alt=\"Tiergaertnertorplatz_bei_Nacht_01_Steffen_Oliver_Riese\" width=\"230\" height=\"153\" \/><figcaption id=\"caption-attachment-114319\" class=\"wp-caption-text\">Tiergaertnertorplatz at night<\/figcaption><\/figure>\n<p>Of course, students will also want to explore Nuremberg&#8217;s night life. Mach 1 (Kaiserstra\u00dfe 1) is the place to go to hear current developments in music and see the latest fashion trends. K4 (K\u00f6nigstra\u00dfe 93) is a great location if you like indie rock, soul music or poetry slams, and you&#8217;ll find the perfect atmosphere for an evening out in the bars on Innere Laufer Gasse or around Wei\u00dfgerbergasse.<\/p>\n<p>&nbsp;<\/p>\n<p><strong>With so much to see and do, the only thing you need to worry about in Nuremberg is that you aren&#8217;t too busy to study.<\/strong><\/p>\n","protected":false},"excerpt":{"rendered":"<p>Globally networked &#8211; locally connected Top research and teaching of international renown, a strong practical focus, outstanding networks with the business world and consistent quality assurance are the success factors&hellip;<!--&hellip;--> <a class=\"more-link fa fa-angle-double-right\" href=\"https:\/\/www.studienstart.wiso.rw.fau.de\/en\/about-wiso\/\" title=\"Read more about &quot;ABOUT WISO&quot;\"><\/a><\/p>\n","protected":false},"author":1059,"featured_media":0,"parent":0,"menu_order":0,"comment_status":"closed","ping_status":"closed","template":"page-templates\/full-width.php","meta":{"_rrze_cache":"enabled","_rrze_multilang_single_locale":"en_US","_rrze_multilang_single_source":"https:\/\/www.studienstart.wiso.rw.fau.de\/?page_id=1209","footnotes":""},"page_category":[],"page_tag":[],"class_list":["post-1624","page","type-page","status-publish","hentry","en-US"],"_links":{"self":[{"href":"https:\/\/www.studienstart.wiso.rw.fau.de\/wp-json\/wp\/v2\/pages\/1624","targetHints":{"allow":["GET"]}}],"collection":[{"href":"https:\/\/www.studienstart.wiso.rw.fau.de\/wp-json\/wp\/v2\/pages"}],"about":[{"href":"https:\/\/www.studienstart.wiso.rw.fau.de\/wp-json\/wp\/v2\/types\/page"}],"author":[{"embeddable":true,"href":"https:\/\/www.studienstart.wiso.rw.fau.de\/wp-json\/wp\/v2\/users\/1059"}],"replies":[{"embeddable":true,"href":"https:\/\/www.studienstart.wiso.rw.fau.de\/wp-json\/wp\/v2\/comments?post=1624"}],"version-history":[{"count":11,"href":"https:\/\/www.studienstart.wiso.rw.fau.de\/wp-json\/wp\/v2\/pages\/1624\/revisions"}],"predecessor-version":[{"id":2904,"href":"https:\/\/www.studienstart.wiso.rw.fau.de\/wp-json\/wp\/v2\/pages\/1624\/revisions\/2904"}],"wp:attachment":[{"href":"https:\/\/www.studienstart.wiso.rw.fau.de\/wp-json\/wp\/v2\/media?parent=1624"}],"wp:term":[{"taxonomy":"page_category","embeddable":true,"href":"https:\/\/www.studienstart.wiso.rw.fau.de\/wp-json\/wp\/v2\/page_category?post=1624"},{"taxonomy":"page_tag","embeddable":true,"href":"https:\/\/www.studienstart.wiso.rw.fau.de\/wp-json\/wp\/v2\/page_tag?post=1624"}],"curies":[{"name":"wp","href":"https:\/\/api.w.org\/{rel}","templated":true}]}}